{"id":891,"date":"2024-11-01T11:28:54","date_gmt":"2024-11-01T10:28:54","guid":{"rendered":"https:\/\/csc-nbg.de\/?page_id=891"},"modified":"2024-11-01T11:50:55","modified_gmt":"2024-11-01T10:50:55","slug":"aenderungen-zur-mitgliedschaft-in-der-anbauvereinigung-vcsp","status":"publish","type":"page","link":"https:\/\/csc-nbg.de\/index.php\/aenderungen-zur-mitgliedschaft-in-der-anbauvereinigung-vcsp\/","title":{"rendered":"\u00c4nderungen zur Mitgliedschaft in der Anbauvereinigung VCSP"},"content":{"rendered":"\n<p><em>wir freuen uns, euch \u00fcber eine wichtige \u00c4nderung bez\u00fcglich der Mitgliedschaft in der Anbauvereinigung VCSP (Verein f\u00fcr Cannabis und Stecklingsproduktion) zu informieren. <\/em><\/p>\n\n\n\n<p>Bisher war die Mitgliedschaft im Cannabis Social Club N\u00fcrnberg e.V. (CSC NBG) Voraussetzung f\u00fcr den Beitritt in die Anbauvereinigung VCSP. Wir haben jedoch beschlossen, diese Regelung zu \u00fcberdenken und euch mehr Freiheit zu bieten.<\/p>\n\n\n\n<p><strong>Ab sofort gilt:<\/strong><br>Keine Bindung an den CSC NBG erforderlich!<br>Jeder von euch kann selbst entscheiden, ob er nur an der legalen Beschaffung von Cannabis interessiert ist oder auch den sozialen Aspekt mit einbeziehen m\u00f6chte. Unser Ziel ist es, ein breites Angebot zu schaffen, das allen Bed\u00fcrfnissen gerecht wird \u2013 ohne Zwang.<\/p>\n\n\n\n<p><strong>Warum diese \u00c4nderung?<\/strong><br>Wir verstehen, dass nicht jeder Mensch gleich ist. Manche legen Wert auf die soziale Komponente, den Austausch und das gemeinschaftliche Umfeld, w\u00e4hrend andere sich eher auf den Anbau und die Beschaffung konzentrieren m\u00f6chten. Um dieser Vielfalt gerecht zu werden, haben wir die Regelungen angepasst. Du entscheidest, was f\u00fcr dich wichtig ist!<\/p>\n\n\n\n<p>Wir glauben, dass ein gutes Angebot mit Freiheit und Wahlm\u00f6glichkeiten attraktiver ist als ein Zwang zur Mitgliedschaft in beiden Vereinen.<br>Anmelde-Link VCSP: <a href=\"https:\/\/vcsp.club\/\">Anmeldung beim Verein f\u00fcr Cannabis- und Stecklingsproduktion<\/a><\/p>\n\n\n\n<p>F\u00fcr diejenigen, die sich dennoch f\u00fcr den sozialen Austausch und die Vorteile des CSC NBG interessieren, steht die Mitgliedschaft nat\u00fcrlich weiterhin offen. Informationen zur Mitgliedschaft im CSC NBG findest du hier:<br><a href=\"https:\/\/csc-nbg.de\/index.php\/2024\/05\/22\/mitmachen\/\">https:\/\/csc-nbg.de\/index.php\/2024\/05\/22\/mitmachen\/<\/a><\/p>\n\n\n\n<p>Mit dieser Flexibilit\u00e4t wollen wir sicherstellen, dass jeder nach seinen eigenen Vorstellungen Teil der Anbauvereinigung sein kann.<\/p>\n\n\n\n<figure class=\"wp-block-image size-large\"><img loading=\"lazy\" decoding=\"async\" width=\"1024\" height=\"474\" src=\"https:\/\/csc-nbg.de\/wp-content\/uploads\/2024\/11\/VCSP-vs-CSC-1024x474.png\" alt=\"Vergleich VCSP (Anbauvereinigung) CSC (Social Club)\" class=\"wp-image-892\" srcset=\"https:\/\/csc-nbg.de\/wp-content\/uploads\/2024\/11\/VCSP-vs-CSC-1024x474.png 1024w, https:\/\/csc-nbg.de\/wp-content\/uploads\/2024\/11\/VCSP-vs-CSC-500x231.png 500w, https:\/\/csc-nbg.de\/wp-content\/uploads\/2024\/11\/VCSP-vs-CSC-768x355.png 768w, https:\/\/csc-nbg.de\/wp-content\/uploads\/2024\/11\/VCSP-vs-CSC.png 1234w\" sizes=\"auto, (max-width: 767px) 89vw, (max-width: 1000px) 54vw, (max-width: 1071px) 543px, 580px\" \/><\/figure>\n\n\n\n<p><\/p>\n","protected":false},"excerpt":{"rendered":"<p>wir freuen uns, euch \u00fcber eine wichtige \u00c4nderung bez\u00fcglich der Mitgliedschaft in der Anbauvereinigung VCSP (Verein f\u00fcr Cannabis und Stecklingsproduktion) zu informieren. Bisher war die Mitgliedschaft im Cannabis Social Club N\u00fcrnberg e.V. (CSC NBG) Voraussetzung f\u00fcr den Beitritt in die Anbauvereinigung VCSP. Wir haben jedoch beschlossen, diese Regelung zu \u00fcberdenken und euch mehr Freiheit zu &hellip; <\/p>\n<p class=\"link-more\"><a href=\"https:\/\/csc-nbg.de\/index.php\/aenderungen-zur-mitgliedschaft-in-der-anbauvereinigung-vcsp\/\" class=\"more-link\"><span class=\"screen-reader-text\">\u201e\u00c4nderungen zur Mitgliedschaft in der Anbauvereinigung VCSP\u201c <\/span>weiterlesen<\/a><\/p>\n","protected":false},"author":1,"featured_media":0,"parent":0,"menu_order":0,"comment_status":"closed","ping_status":"closed","template":"","meta":{"footnotes":""},"class_list":["post-891","page","type-page","status-publish","hentry"],"_links":{"self":[{"href":"https:\/\/csc-nbg.de\/index.php\/wp-json\/wp\/v2\/pages\/891","targetHints":{"allow":["GET"]}}],"collection":[{"href":"https:\/\/csc-nbg.de\/index.php\/wp-json\/wp\/v2\/pages"}],"about":[{"href":"https:\/\/csc-nbg.de\/index.php\/wp-json\/wp\/v2\/types\/page"}],"author":[{"embeddable":true,"href":"https:\/\/csc-nbg.de\/index.php\/wp-json\/wp\/v2\/users\/1"}],"replies":[{"embeddable":true,"href":"https:\/\/csc-nbg.de\/index.php\/wp-json\/wp\/v2\/comments?post=891"}],"version-history":[{"count":2,"href":"https:\/\/csc-nbg.de\/index.php\/wp-json\/wp\/v2\/pages\/891\/revisions"}],"predecessor-version":[{"id":907,"href":"https:\/\/csc-nbg.de\/index.php\/wp-json\/wp\/v2\/pages\/891\/revisions\/907"}],"wp:attachment":[{"href":"https:\/\/csc-nbg.de\/index.php\/wp-json\/wp\/v2\/media?parent=891"}],"curies":[{"name":"wp","href":"https:\/\/api.w.org\/{rel}","templated":true}]}}