{"id":877,"date":"2024-08-25T21:50:26","date_gmt":"2024-08-25T19:50:26","guid":{"rendered":"https:\/\/csc-nbg.de\/?page_id=877"},"modified":"2024-08-25T21:56:52","modified_gmt":"2024-08-25T19:56:52","slug":"anbauvereinigung-vcsp-verein-fur-cannabis-und-stecklingsproduktion-antrag-eingereicht","status":"publish","type":"page","link":"https:\/\/csc-nbg.de\/index.php\/anbauvereinigung-vcsp-verein-fur-cannabis-und-stecklingsproduktion-antrag-eingereicht\/","title":{"rendered":"Antrag f\u00fcr Anbauvereinigung VCSP (Verein f\u00fcr Cannabis und Stecklingsproduktion) eingereicht"},"content":{"rendered":"\n<p>am 22.08.2024 wurden die Antragsunterlagen f\u00fcr die Anbauvereinigung VCSP <br>beim LGL eingereicht. <\/p>\n\n\n\n<figure class=\"wp-block-image size-full\"><img loading=\"lazy\" decoding=\"async\" width=\"456\" height=\"569\" src=\"https:\/\/csc-nbg.de\/wp-content\/uploads\/2024\/08\/240822-Anbauvereinigung-VCSP-Antrag-eingereicht.png\" alt=\"\" class=\"wp-image-878\" srcset=\"https:\/\/csc-nbg.de\/wp-content\/uploads\/2024\/08\/240822-Anbauvereinigung-VCSP-Antrag-eingereicht.png 456w, https:\/\/csc-nbg.de\/wp-content\/uploads\/2024\/08\/240822-Anbauvereinigung-VCSP-Antrag-eingereicht-401x500.png 401w\" sizes=\"auto, (max-width: 456px) 100vw, 456px\" \/><\/figure>\n\n\n\n<ul class=\"wp-block-list\">\n<li>Nachhaltige, sichere und gemeinschaftlich organisierte Anbauvereinigung<\/li>\n\n\n\n<li>Anbaufl\u00e4che von 100 Quadratmetern<\/li>\n\n\n\n<li>M\u00f6glichkeit von bis zu vier Ernten = ca. 300 kg Cannabis pro Jahr (insgesamt)<\/li>\n<\/ul>\n\n\n\n<p><strong>Mitglied in der Anbauvereinigung werden? &#8211; <\/strong><br><strong>Werde F\u00f6rdermitglied des VCSP!  &#8211; Wie geht das? <\/strong><\/p>\n\n\n\n<p>Die Mitgliedschaft in der Anbauvereinigung VCSP ist nur Mitgliedern des Cannabis Social Club N\u00fcrnberg e.V. m\u00f6glich. Du musst also zun\u00e4chst Mitglied beim CSC NBG werden, um gemeinschaftlich und legal Cannabis anzubauen und zu beziehen.<\/p>\n\n\n\n<p><em>Warum?<\/em><br>Aufgrund unserer langen Vereinsgeschichte legen wir gro\u00dfen Wert auf die soziale Komponente, welche vom Gesetzgeber f\u00fcr Anbauvereinigungen jedoch ausgeschlossen wurde. Gerade in Bezug auf Pr\u00e4vention halten wir dies f\u00fcr einen Fehler. Besorgniserregendes Konsumverhalten kann leichter erkannt werden und Erstkonsumenten und Gelegenheitskonsumenten haben einen Ort zur Verf\u00fcgung, an dem sie konsumieren, sich austauschen und informieren k\u00f6nnen. Und wo es immer ein paar Snacks griffbereit gibt.<\/p>\n\n\n\n<p><br>Daher haben wir in unserer Satzung geregelt, dass die Mitgliedschaft beim CSC NBG Voraussetzung f\u00fcr die Mitgliedschaft bei VCSP ist.<\/p>\n\n\n\n<p>F\u00fcr die  <strong>Mitgliedschaft im CSC-Nbg e.V. <\/strong>folgt bitte dem <strong>Link: <a href=\"https:\/\/csc-nbg.de\/index.php\/2024\/05\/22\/mitmachen\/\">Mitmachen (CSC-Nbg e.V.)<\/a>.<\/strong><\/p>\n\n\n\n<p>Die <strong>Mitgliedsantr\u00e4ge f\u00fcr den VCSP erhalten CSC-Mitglieder intern<\/strong>. <\/p>\n","protected":false},"excerpt":{"rendered":"<p>am 22.08.2024 wurden die Antragsunterlagen f\u00fcr die Anbauvereinigung VCSP beim LGL eingereicht. Mitglied in der Anbauvereinigung werden? &#8211; Werde F\u00f6rdermitglied des VCSP! &#8211; Wie geht das? Die Mitgliedschaft in der Anbauvereinigung VCSP ist nur Mitgliedern des Cannabis Social Club N\u00fcrnberg e.V. m\u00f6glich. Du musst also zun\u00e4chst Mitglied beim CSC NBG werden, um gemeinschaftlich und legal &hellip; <\/p>\n<p class=\"link-more\"><a href=\"https:\/\/csc-nbg.de\/index.php\/anbauvereinigung-vcsp-verein-fur-cannabis-und-stecklingsproduktion-antrag-eingereicht\/\" class=\"more-link\"><span class=\"screen-reader-text\">\u201eAntrag f\u00fcr Anbauvereinigung VCSP (Verein f\u00fcr Cannabis und Stecklingsproduktion) eingereicht\u201c <\/span>weiterlesen<\/a><\/p>\n","protected":false},"author":1,"featured_media":0,"parent":0,"menu_order":0,"comment_status":"closed","ping_status":"closed","template":"","meta":{"footnotes":""},"class_list":["post-877","page","type-page","status-publish","hentry"],"_links":{"self":[{"href":"https:\/\/csc-nbg.de\/index.php\/wp-json\/wp\/v2\/pages\/877","targetHints":{"allow":["GET"]}}],"collection":[{"href":"https:\/\/csc-nbg.de\/index.php\/wp-json\/wp\/v2\/pages"}],"about":[{"href":"https:\/\/csc-nbg.de\/index.php\/wp-json\/wp\/v2\/types\/page"}],"author":[{"embeddable":true,"href":"https:\/\/csc-nbg.de\/index.php\/wp-json\/wp\/v2\/users\/1"}],"replies":[{"embeddable":true,"href":"https:\/\/csc-nbg.de\/index.php\/wp-json\/wp\/v2\/comments?post=877"}],"version-history":[{"count":7,"href":"https:\/\/csc-nbg.de\/index.php\/wp-json\/wp\/v2\/pages\/877\/revisions"}],"predecessor-version":[{"id":903,"href":"https:\/\/csc-nbg.de\/index.php\/wp-json\/wp\/v2\/pages\/877\/revisions\/903"}],"wp:attachment":[{"href":"https:\/\/csc-nbg.de\/index.php\/wp-json\/wp\/v2\/media?parent=877"}],"curies":[{"name":"wp","href":"https:\/\/api.w.org\/{rel}","templated":true}]}}