{"id":8,"date":"2019-09-26T21:16:54","date_gmt":"2019-09-26T19:16:54","guid":{"rendered":"https:\/\/staging.csc-nbg.de\/?page_id=8"},"modified":"2025-07-03T18:56:36","modified_gmt":"2025-07-03T16:56:36","slug":"startseite","status":"publish","type":"page","link":"https:\/\/csc-nbg.de\/","title":{"rendered":"Cannabis Social Club N\u00fcrnberg e. V."},"content":{"rendered":"\n<p><strong>Bei uns w\u00e4chst kein Cannabis! <\/strong>Wir sind <strong>keine<\/strong> <strong>Anbauvereinigung<\/strong> nach CanG!<\/p>\n\n\n\n<p>Anbauvereinigung gesucht?  Link zu <a href=\"https:\/\/vcsp.club\/\" data-type=\"link\" data-id=\"https:\/\/vcsp.club\/\"><em>vcsp.club<\/em><\/a><\/p>\n\n\n\n<h2 class=\"wp-block-heading\">Wer wir sind:<\/h2>\n\n\n\n<p>Der Cannabis Social Club N\u00fcrnberg e.V. ist eine Interessengemeinschaft sowie Interessenvertretung von Cannabispatient*innen und Cannabisfreund*innen.<\/p>\n\n\n\n<p>Wir setzen uns f\u00fcr die vollst\u00e4ndige Relegalisierung von Cannabis ein. Wir bef\u00fcrworten das Modell des spanischen Cannabis Social Club und wollen f\u00fcr unsere Mitglieder einen aufgekl\u00e4rten und sicheren Umgang mit Cannabis erreichen. Da wir mit dem aktuellen CanG keine vollst\u00e4ndige Legalisierung haben, setzen wir uns weiter politisch ein mit Infost\u00e4nden, Demonstrationen und Gespr\u00e4chen mit Politikern und Entscheidungstr\u00e4gern.<\/p>\n\n\n\n<p>Wir treffen uns zu Stammtischen oder gemeinsamen Unternehmungen wie z.B. Wandern, Ausfl\u00fcge, Messebesuche, Grillen uvm.<\/p>\n\n\n\n<h2 class=\"wp-block-heading\">Wie &amp; Wo? &#8211; Kontakt aufnehmen<\/h2>\n\n\n\n<p>Wir treffen uns jeden Dienstag um 19 Uhr an wechselnden Standorten. <br>Bei Interesse kontaktiert uns per <a href=\"https:\/\/t.me\/cannabissocialclubnbg\" target=\"_blank\" rel=\"noreferrer noopener\">Telegram<\/a> oder per E-Mail an club[at]csc-nbg.de<\/p>\n\n\n\n<h2 class=\"wp-block-heading\"><\/h2>\n\n\n\n<p><\/p>\n","protected":false},"excerpt":{"rendered":"<p>Bei uns w\u00e4chst kein Cannabis! Wir sind keine Anbauvereinigung nach CanG! Anbauvereinigung gesucht? Link zu vcsp.club Wer wir sind: Der Cannabis Social Club N\u00fcrnberg e.V. ist eine Interessengemeinschaft sowie Interessenvertretung von Cannabispatient*innen und Cannabisfreund*innen. Wir setzen uns f\u00fcr die vollst\u00e4ndige Relegalisierung von Cannabis ein. Wir bef\u00fcrworten das Modell des spanischen Cannabis Social Club und wollen &hellip; <\/p>\n<p class=\"link-more\"><a href=\"https:\/\/csc-nbg.de\/\" class=\"more-link\"><span class=\"screen-reader-text\">\u201eCannabis Social Club N\u00fcrnberg e. V.\u201c <\/span>weiterlesen<\/a><\/p>\n","protected":false},"author":1,"featured_media":0,"parent":0,"menu_order":0,"comment_status":"closed","ping_status":"closed","template":"","meta":{"footnotes":""},"class_list":["post-8","page","type-page","status-publish","hentry"],"_links":{"self":[{"href":"https:\/\/csc-nbg.de\/index.php\/wp-json\/wp\/v2\/pages\/8","targetHints":{"allow":["GET"]}}],"collection":[{"href":"https:\/\/csc-nbg.de\/index.php\/wp-json\/wp\/v2\/pages"}],"about":[{"href":"https:\/\/csc-nbg.de\/index.php\/wp-json\/wp\/v2\/types\/page"}],"author":[{"embeddable":true,"href":"https:\/\/csc-nbg.de\/index.php\/wp-json\/wp\/v2\/users\/1"}],"replies":[{"embeddable":true,"href":"https:\/\/csc-nbg.de\/index.php\/wp-json\/wp\/v2\/comments?post=8"}],"version-history":[{"count":106,"href":"https:\/\/csc-nbg.de\/index.php\/wp-json\/wp\/v2\/pages\/8\/revisions"}],"predecessor-version":[{"id":969,"href":"https:\/\/csc-nbg.de\/index.php\/wp-json\/wp\/v2\/pages\/8\/revisions\/969"}],"wp:attachment":[{"href":"https:\/\/csc-nbg.de\/index.php\/wp-json\/wp\/v2\/media?parent=8"}],"curies":[{"name":"wp","href":"https:\/\/api.w.org\/{rel}","templated":true}]}}