{"id":66,"date":"2019-12-13T22:30:50","date_gmt":"2019-12-13T21:30:50","guid":{"rendered":"https:\/\/staging.csc-nbg.de\/?page_id=66"},"modified":"2025-11-15T19:02:12","modified_gmt":"2025-11-15T18:02:12","slug":"impressum","status":"publish","type":"page","link":"https:\/\/csc-nbg.de\/index.php\/impressum\/","title":{"rendered":"Impressum"},"content":{"rendered":"\n<h3 class=\"wp-block-heading\">\n<strong>Anbieterkennung\nnach \u00a7 5 TMG<\/strong><\/h3>\n\n\n\n<h3 class=\"wp-block-heading\"> <strong>Cannabis Social Club N\u00fcrnberg e. V.<\/strong><\/h3>\n\n\n\n<p>Singerstra\u00dfe 30<br>90443 N\u00fcrnberg<\/p>\n\n\n\n<p>Email: club[at]csc-nbg.de<\/p>\n\n\n\n<h3 class=\"wp-block-heading\">\n<strong>Vertretungsberechtigte<\/strong><\/h3>\n\n\n\n<p> Der Cannabis Social Club N\u00fcrnberg e. V. wird gesetzlich vertreten durch:<br><\/p>\n\n\n\n<figure class=\"wp-block-image size-full is-style-default\"><img loading=\"lazy\" decoding=\"async\" width=\"361\" height=\"99\" src=\"https:\/\/csc-nbg.de\/wp-content\/uploads\/2025\/11\/vorstand-1.png\" alt=\"\" class=\"wp-image-1116\"\/><\/figure>\n\n\n\n<h3 class=\"wp-block-heading\">\n<strong>Vereinsregister<\/strong><\/h3>\n\n\n\n<p>Der Cannabis Social Club N\u00fcrnberg e. V. ist im Vereinsregister beim Amtsgericht N\u00fcrnberg unter der Registernummer 202111 eingetragen.<\/p>\n\n\n\n<h3 class=\"wp-block-heading\">\n<strong>Steuerliche\nAngaben<\/strong><\/h3>\n\n\n\n<p>\nFinanzamt\nN\u00fcrnberg S\u00fcd<br>\nSteuernummer:\n330\/5760\/5537<\/p>\n\n\n\n<h3 class=\"wp-block-heading\"> <strong>Inhaltlich verantwortlich<\/strong><br> Cannabis Social Club N\u00fcrnberg e.V.<\/h3>\n\n\n\n<p><\/p>\n\n\n\n<p>Singerstra\u00dfe 30<br>90443 N\u00fcrnberg<br><br>club[at]csc-nbg.de<\/p>\n\n\n\n<h3 class=\"wp-block-heading\"><strong>Inhalt\nder Seiten<\/strong><\/h3>\n\n\n\n<p> Der Cannabis Social Club N\u00fcrnberg e. V. (im Folgenden: \u201eCSC Nbg e. V.\u201c) \u00fcbernimmt keinerlei Gew\u00e4hr f\u00fcr die Aktualit\u00e4t, Korrektheit, Vollst\u00e4ndigkeit oder Qualit\u00e4t der bereitgestellten Inhalte. Haftungsanspr\u00fcche gegen den CSC Nbg e. V., welche sich auf Sch\u00e4den materieller oder ideeller Art beziehen, die durch die Nutzung oder Nichtnutzung der dargebotenen Informationen bzw. durch die Nutzung fehlerhafter und unvollst\u00e4ndiger Informationen verursacht wurden, sind grunds\u00e4tzlich ausgeschlossen, sofern seitens des CSC Nbg e. V. kein nachweislich vors\u00e4tzliches oder grob fahrl\u00e4ssiges Verschulden vorliegt.<\/p>\n\n\n\n<h3 class=\"wp-block-heading\">\n<strong>Verweise\nund Links<\/strong><\/h3>\n\n\n\n<p> Die Verantwortlichkeit des Dienstanbieters beschr\u00e4nkt sich gem\u00e4\u00df \u00a7 7 Abs. 1 TMG ausschlie\u00dflich auf die vom Dienstanbieter bereitgehaltenen eigenen Inhalte. Dar\u00fcber hinaus enth\u00e4lt die Website auch entsprechend gekennzeichnete Verweise oder Links auf Websites Dritter. Auf die aktuelle und zuk\u00fcnftige Gestaltung, die Inhalte oder die Urheberschaft der verlinkten\/verkn\u00fcpften Seiten hat der CSC Nbg e. V. keinerlei Einfluss. F\u00fcr den Inhalt der Seite ist allein der jeweilige Anbieter der Seite verantwortlich, weshalb der CSC Nbg e. V. diesbez\u00fcglich keine Gew\u00e4hr \u00fcbernimmt.<\/p>\n\n\n\n<p> Der CSC Nbg e. V. erkl\u00e4rt hiermit ausdr\u00fccklich, dass zum Zeitpunkt der Linksetzung keine illegalen Inhalte auf den zu verlinkenden Seiten erkennbar waren. Eine permanente inhaltliche Kontrolle der verlinkten Seiten ohne konkrete Anhaltspunkte einer Rechtsverletzung ist jedoch nicht zumutbar. Bei Bekanntwerden von Rechtsverletzungen werden derartige Links umgehend entfernt.<\/p>\n\n\n\n<h3 class=\"wp-block-heading\">\n<strong>Urheber-\nund Kennzeichenrecht<\/strong><\/h3>\n\n\n\n<p> Der CSC Nbg e. V. ist bestrebt, in allen Publikationen die Urheberrechte der verwendeten Bilder, Grafiken, Tondokumente, Videosequenzen und Texte zu beachten, von ihm selbst erstellte Bilder, Grafiken, Tondokumente, Videosequenzen und Texte zu nutzen oder auf lizenzfreie Grafiken, Tondokumente, Videosequenzen und Texte zur\u00fcckzugreifen.  <\/p>\n\n\n\n<p>\nAlle\ninnerhalb des Internetangebotes genannten und ggf. durch Dritte\ngesch\u00fctzten Marken- und Warenzeichen unterliegen uneingeschr\u00e4nkt\nden Bestimmungen des jeweils g\u00fcltigen Kennzeichenrechts und den\nBesitzrechten der jeweiligen eingetragenen Eigent\u00fcmer. Allein\naufgrund der blo\u00dfen Nennung ist nicht der Schluss zu ziehen, dass\nMarkenzeichen nicht durch Rechte Dritter gesch\u00fctzt sind!<\/p>\n\n\n\n<p> Das Copyright f\u00fcr ver\u00f6ffentlichte, vom CSC Nbg e. V. selbst erstellte Objekte bleibt allein beim Autor der Seiten. Eine Vervielf\u00e4ltigung, Bearbeitung, Verbreitung und jede Art der Verwertung au\u00dferhalb der Grenzen des Urheberrechts solcher Grafiken, Tondokumente, Videosequenzen und Texte in anderen elektronischen oder gedruckten Publikationen bed\u00fcrfen der schriftlichen Zustimmung des Autors. Downloads und Kopien sind nur f\u00fcr den privaten, nicht aber den kommerziellen Gebrauch gestattet.<\/p>\n\n\n\n<h3 class=\"wp-block-heading\">\n<strong>Rechtswirksamkeit\ndieses Haftungsausschlusses<\/strong><\/h3>\n\n\n\n<p>\nDieser\nHaftungsausschluss ist als Teil des Informationsangebotes von\nhttps:\/\/csc-nbg.de zu betrachten. Sofern Teile oder einzelne\nFormulierungen dieses Textes der geltenden Rechtslage nicht, nicht\nmehr oder nicht vollst\u00e4ndig entsprechen sollten, bleiben die \u00fcbrigen\nTeile des Dokumentes in ihrem Inhalt und ihrer G\u00fcltigkeit davon\nunber\u00fchrt.<\/p>\n\n\n\n<p><\/p>\n","protected":false},"excerpt":{"rendered":"<p>Anbieterkennung nach \u00a7 5 TMG Cannabis Social Club N\u00fcrnberg e. V. Singerstra\u00dfe 3090443 N\u00fcrnberg Email: club[at]csc-nbg.de Vertretungsberechtigte Der Cannabis Social Club N\u00fcrnberg e. V. wird gesetzlich vertreten durch: Vereinsregister Der Cannabis Social Club N\u00fcrnberg e. V. ist im Vereinsregister beim Amtsgericht N\u00fcrnberg unter der Registernummer 202111 eingetragen. Steuerliche Angaben Finanzamt N\u00fcrnberg S\u00fcd Steuernummer: 330\/5760\/5537 Inhaltlich &hellip; <\/p>\n<p class=\"link-more\"><a href=\"https:\/\/csc-nbg.de\/index.php\/impressum\/\" class=\"more-link\"><span class=\"screen-reader-text\">\u201eImpressum\u201c <\/span>weiterlesen<\/a><\/p>\n","protected":false},"author":1,"featured_media":0,"parent":0,"menu_order":0,"comment_status":"closed","ping_status":"closed","template":"","meta":{"footnotes":""},"class_list":["post-66","page","type-page","status-publish","hentry"],"_links":{"self":[{"href":"https:\/\/csc-nbg.de\/index.php\/wp-json\/wp\/v2\/pages\/66","targetHints":{"allow":["GET"]}}],"collection":[{"href":"https:\/\/csc-nbg.de\/index.php\/wp-json\/wp\/v2\/pages"}],"about":[{"href":"https:\/\/csc-nbg.de\/index.php\/wp-json\/wp\/v2\/types\/page"}],"author":[{"embeddable":true,"href":"https:\/\/csc-nbg.de\/index.php\/wp-json\/wp\/v2\/users\/1"}],"replies":[{"embeddable":true,"href":"https:\/\/csc-nbg.de\/index.php\/wp-json\/wp\/v2\/comments?post=66"}],"version-history":[{"count":22,"href":"https:\/\/csc-nbg.de\/index.php\/wp-json\/wp\/v2\/pages\/66\/revisions"}],"predecessor-version":[{"id":1117,"href":"https:\/\/csc-nbg.de\/index.php\/wp-json\/wp\/v2\/pages\/66\/revisions\/1117"}],"wp:attachment":[{"href":"https:\/\/csc-nbg.de\/index.php\/wp-json\/wp\/v2\/media?parent=66"}],"curies":[{"name":"wp","href":"https:\/\/api.w.org\/{rel}","templated":true}]}}