{"id":478,"date":"2023-04-15T16:28:01","date_gmt":"2023-04-15T14:28:01","guid":{"rendered":"https:\/\/csc-nbg.de\/?page_id=478"},"modified":"2024-06-03T13:22:26","modified_gmt":"2024-06-03T11:22:26","slug":"gmm-2023","status":"publish","type":"page","link":"https:\/\/csc-nbg.de\/index.php\/gmm-2023\/","title":{"rendered":"GMM 2023"},"content":{"rendered":"\n<p class=\"has-text-align-center has-black-color has-text-color has-background has-medium-font-size\" style=\"background:linear-gradient(135deg,rgb(255,245,203) 0%,rgb(182,227,212) 69%,rgb(66,227,48) 100%)\">Kommt zum diesj\u00e4hrigen GMM 2023 am 6. Mai um 13:00 Uhr direkt im Herzen der N\u00fcrnberger Innenstadt!<\/p>\n\n\n\n<figure class=\"wp-block-image size-full\"><a href=\"https:\/\/youtu.be\/ekqBaVTHHUM\" target=\"_blank\" rel=\"noreferrer noopener\"><img loading=\"lazy\" decoding=\"async\" width=\"916\" height=\"515\" src=\"https:\/\/csc-nbg.de\/wp-content\/uploads\/2023\/04\/Screenshot_2023-04-21-Global-Marijuana-March-2023-Am-Samstag-den-6-Mai-2023-13-00-Uhr-am-Hallplatz-in-Nuernberg-YouTube.png\" alt=\"\" class=\"wp-image-679\" srcset=\"https:\/\/csc-nbg.de\/wp-content\/uploads\/2023\/04\/Screenshot_2023-04-21-Global-Marijuana-March-2023-Am-Samstag-den-6-Mai-2023-13-00-Uhr-am-Hallplatz-in-Nuernberg-YouTube.png 916w, https:\/\/csc-nbg.de\/wp-content\/uploads\/2023\/04\/Screenshot_2023-04-21-Global-Marijuana-March-2023-Am-Samstag-den-6-Mai-2023-13-00-Uhr-am-Hallplatz-in-Nuernberg-YouTube-500x281.png 500w, https:\/\/csc-nbg.de\/wp-content\/uploads\/2023\/04\/Screenshot_2023-04-21-Global-Marijuana-March-2023-Am-Samstag-den-6-Mai-2023-13-00-Uhr-am-Hallplatz-in-Nuernberg-YouTube-768x432.png 768w\" sizes=\"auto, (max-width: 767px) 89vw, (max-width: 1000px) 54vw, (max-width: 1071px) 543px, 580px\" \/><\/a><\/figure>\n\n\n\n<p><em>(Mit einem Klick auf dieses Bild kannst du dir das Video auf Youtube ansehen)<\/em><\/p>\n\n\n\n<p><strong>Startpunkt: <a href=\"https:\/\/routing.openstreetmap.de\/?z=18&amp;center=49.449103%2C11.078714&amp;loc=49.449103%2C11.078714&amp;hl=de&amp;alt=0&amp;srv=2\" target=\"_blank\" rel=\"noreferrer noopener\">Hallplatz<\/a><\/strong><\/p>\n\n\n\n<p><strong>Ziel: Veit-Sto\u00df-Anlage<\/strong><\/p>\n\n\n\n<p class=\"has-medium-font-size\">Liebe Freunde und Unterst\u00fctzer,<\/p>\n\n\n\n<p>als Mitglied des Vorstands des Cannabis Social Club N\u00fcrnberg e.V. liegt mir die F\u00f6rderung unserer Ziele und Projekte sehr am Herzen. Wir setzen uns f\u00fcr eine wichtige Sache ein, aber ohne Eure Hilfe und Unterst\u00fctzung k\u00f6nnen wir unsere Arbeit nicht erfolgreich fortsetzen.<\/p>\n\n\n\n<p>Wir veranstalten dieses Jahr den Global Marijuana March in N\u00fcrnberg am Samstag, den 06. Mai 2023 um 13 Uhr beginnend am <a href=\"https:\/\/routing.openstreetmap.de\/?z=18&amp;center=49.449103%2C11.078714&amp;loc=49.449103%2C11.078714&amp;hl=de&amp;alt=0&amp;srv=2\" target=\"_blank\" rel=\"noreferrer noopener\">Hallplatz<\/a>.<br>Es wird einen klassischen Demonstrationszug durch die Stadt geben. <\/p>\n\n\n<div class=\"wp-block-image gmmimg is-style-default wp-duotone-unset-1\">\n<figure class=\"aligncenter size-large is-resized\"><a href=\"https:\/\/csc-nbg.de\/wp-content\/uploads\/2023\/04\/Poster_GMM_2023.jpg\"><img loading=\"lazy\" decoding=\"async\" src=\"https:\/\/csc-nbg.de\/wp-content\/uploads\/2023\/04\/Poster_GMM_2023-724x1024.jpg\" alt=\"\" class=\"wp-image-486\" width=\"724\" height=\"1024\"\/><\/a><\/figure>\n<\/div>\n\n\n<p><\/p>\n\n\n\n<p>Daher m\u00f6chte ich Euch heute herzlich bitten, uns bei unserer Arbeit zu unterst\u00fctzen. Es gibt viele M\u00f6glichkeiten, wie Ihr uns helfen k\u00f6nnt: Eine Spende ist immer willkommen, aber auch aktive Mitarbeit, die Teilnahme an unseren Veranstaltungen oder das Weiterleiten unserer Botschaften in den sozialen Medien sind wertvolle Beitr\u00e4ge. Besucht uns gerne in unseren Discord Server <a href=\"https:\/\/discord.gg\/G6U5UuFAUm\">https:\/\/discord.gg\/G6U5UuFAUm<\/a><\/p>\n\n\n\n<p>Wir treffen uns immer Dienstags um 19 Uhr, bei Interesse schreibt uns unter <a href=\"mailto:info@csc-nbg.de\">info@csc-nbg.de<\/a><\/p>\n\n\n\n<p>Jeder Euro und jede Minute z\u00e4hlt, um unsere Ziele zu erreichen und etwas Gutes f\u00fcr unsere Gesellschaft zu tun. Also, lasst uns gemeinsam anpacken und etwas bewegen!<\/p>\n\n\n\n<p>Vielen Dank im Voraus f\u00fcr Eure Unterst\u00fctzung.<\/p>\n\n\n\n<p>Herzliche Gr\u00fc\u00dfe,<br>Toni<\/p>\n\n\n\n<figure class=\"wp-block-image size-medium is-resized is-style-default\"><img loading=\"lazy\" decoding=\"async\" src=\"https:\/\/csc-nbg.de\/wp-content\/uploads\/2023\/04\/Flyer-352x500.png\" alt=\"Flyer zum GMM 2023\" class=\"wp-image-518\" width=\"672\" height=\"955\"\/><\/figure>\n\n\n\n<p><a href=\"https:\/\/csc-nbg.de\/wp-content\/uploads\/2023\/04\/Flyer_23_A6_CSC_NBG.pdf\">Hier<\/a> findet Ihr den Flyer als PDF zum Download.<\/p>\n","protected":false},"excerpt":{"rendered":"<p>Kommt zum diesj\u00e4hrigen GMM 2023 am 6. Mai um 13:00 Uhr direkt im Herzen der N\u00fcrnberger Innenstadt! (Mit einem Klick auf dieses Bild kannst du dir das Video auf Youtube ansehen) Startpunkt: Hallplatz Ziel: Veit-Sto\u00df-Anlage Liebe Freunde und Unterst\u00fctzer, als Mitglied des Vorstands des Cannabis Social Club N\u00fcrnberg e.V. liegt mir die F\u00f6rderung unserer Ziele &hellip; <\/p>\n<p class=\"link-more\"><a href=\"https:\/\/csc-nbg.de\/index.php\/gmm-2023\/\" class=\"more-link\"><span class=\"screen-reader-text\">\u201eGMM 2023\u201c <\/span>weiterlesen<\/a><\/p>\n","protected":false},"author":1,"featured_media":0,"parent":0,"menu_order":0,"comment_status":"closed","ping_status":"closed","template":"","meta":{"footnotes":""},"class_list":["post-478","page","type-page","status-publish","hentry"],"_links":{"self":[{"href":"https:\/\/csc-nbg.de\/index.php\/wp-json\/wp\/v2\/pages\/478","targetHints":{"allow":["GET"]}}],"collection":[{"href":"https:\/\/csc-nbg.de\/index.php\/wp-json\/wp\/v2\/pages"}],"about":[{"href":"https:\/\/csc-nbg.de\/index.php\/wp-json\/wp\/v2\/types\/page"}],"author":[{"embeddable":true,"href":"https:\/\/csc-nbg.de\/index.php\/wp-json\/wp\/v2\/users\/1"}],"replies":[{"embeddable":true,"href":"https:\/\/csc-nbg.de\/index.php\/wp-json\/wp\/v2\/comments?post=478"}],"version-history":[{"count":31,"href":"https:\/\/csc-nbg.de\/index.php\/wp-json\/wp\/v2\/pages\/478\/revisions"}],"predecessor-version":[{"id":683,"href":"https:\/\/csc-nbg.de\/index.php\/wp-json\/wp\/v2\/pages\/478\/revisions\/683"}],"wp:attachment":[{"href":"https:\/\/csc-nbg.de\/index.php\/wp-json\/wp\/v2\/media?parent=478"}],"curies":[{"name":"wp","href":"https:\/\/api.w.org\/{rel}","templated":true}]}}