{"id":438,"date":"2022-10-13T17:18:12","date_gmt":"2022-10-13T15:18:12","guid":{"rendered":"https:\/\/csc-nbg.de\/?page_id=438"},"modified":"2025-07-04T16:50:09","modified_gmt":"2025-07-04T14:50:09","slug":"archiv","status":"publish","type":"page","link":"https:\/\/csc-nbg.de\/index.php\/archiv\/","title":{"rendered":"Archiv"},"content":{"rendered":"\n<p><mark style=\"background-color:rgba(0, 0, 0, 0)\" class=\"has-inline-color has-vivid-green-cyan-color\">Hier findet Ihr Infos zu vergangenen Aktivit\u00e4ten.<\/mark><\/p>\n\n\n\n<p><a href=\"https:\/\/csc-nbg.de\/index.php\/gmm-2017\/\" data-type=\"page\" data-id=\"525\">Global Marijuana March 2017 in N\u00fcrnberg<\/a><\/p>\n\n\n\n<p><a href=\"https:\/\/csc-nbg.de\/index.php\/gmm-2018\/\" data-type=\"page\" data-id=\"441\">Global Marijuana March 2018 in N\u00fcrnberg<\/a><\/p>\n\n\n\n<p><a href=\"https:\/\/csc-nbg.de\/index.php\/gmm-2019-in-fuerth\/\" data-type=\"page\">Global Marijuana March 2019 in F\u00fcrth<\/a><\/p>\n\n\n\n<p><a href=\"https:\/\/csc-nbg.de\/index.php\/gmm-2021\/\" data-type=\"page\" data-id=\"441\">Global Marijuana March 2021 in N\u00fcrnberg<\/a><\/p>\n\n\n\n<p><a href=\"https:\/\/csc-nbg.de\/index.php\/gmm-2022\/\" data-type=\"page\" data-id=\"441\">Global Marijuana March 2022 in N\u00fcrnberg<\/a><\/p>\n\n\n\n<p><a href=\"Https:\/\/csc-nbg.de\/index.php\/gmm-2023\/\" data-type=\"page\" data-id=\"478\">Global Marijuana March 2023 in N\u00fcrnberg <\/a><\/p>\n\n\n\n<p><a href=\"https:\/\/csc-nbg.de\/index.php\/gmm-2024\/\" data-type=\"page\" data-id=\"740\">Global Marijuana March 2024 in N\u00fcrnberg<\/a><\/p>\n\n\n\n<p><a href=\"https:\/\/csc-nbg.de\/index.php\/global-marijuana-march-2025-in-nuernberg\/\" data-type=\"link\" data-id=\"https:\/\/csc-nbg.de\/index.php\/global-marijuana-march-2025-in-nuernberg\/\">Global Marijuana March 2025 in N\u00fcrnberg<\/a><\/p>\n\n\n\n<p><\/p>\n","protected":false},"excerpt":{"rendered":"<p>Hier findet Ihr Infos zu vergangenen Aktivit\u00e4ten. Global Marijuana March 2017 in N\u00fcrnberg Global Marijuana March 2018 in N\u00fcrnberg Global Marijuana March 2019 in F\u00fcrth Global Marijuana March 2021 in N\u00fcrnberg Global Marijuana March 2022 in N\u00fcrnberg Global Marijuana March 2023 in N\u00fcrnberg Global Marijuana March 2024 in N\u00fcrnberg Global Marijuana March 2025 in N\u00fcrnberg<\/p>\n","protected":false},"author":1,"featured_media":0,"parent":0,"menu_order":0,"comment_status":"closed","ping_status":"closed","template":"","meta":{"footnotes":""},"class_list":["post-438","page","type-page","status-publish","hentry"],"_links":{"self":[{"href":"https:\/\/csc-nbg.de\/index.php\/wp-json\/wp\/v2\/pages\/438","targetHints":{"allow":["GET"]}}],"collection":[{"href":"https:\/\/csc-nbg.de\/index.php\/wp-json\/wp\/v2\/pages"}],"about":[{"href":"https:\/\/csc-nbg.de\/index.php\/wp-json\/wp\/v2\/types\/page"}],"author":[{"embeddable":true,"href":"https:\/\/csc-nbg.de\/index.php\/wp-json\/wp\/v2\/users\/1"}],"replies":[{"embeddable":true,"href":"https:\/\/csc-nbg.de\/index.php\/wp-json\/wp\/v2\/comments?post=438"}],"version-history":[{"count":16,"href":"https:\/\/csc-nbg.de\/index.php\/wp-json\/wp\/v2\/pages\/438\/revisions"}],"predecessor-version":[{"id":1052,"href":"https:\/\/csc-nbg.de\/index.php\/wp-json\/wp\/v2\/pages\/438\/revisions\/1052"}],"wp:attachment":[{"href":"https:\/\/csc-nbg.de\/index.php\/wp-json\/wp\/v2\/media?parent=438"}],"curies":[{"name":"wp","href":"https:\/\/api.w.org\/{rel}","templated":true}]}}