{"id":1055,"date":"2025-10-13T16:50:41","date_gmt":"2025-10-13T14:50:41","guid":{"rendered":"https:\/\/csc-nbg.de\/?page_id=1055"},"modified":"2025-11-16T10:19:49","modified_gmt":"2025-11-16T09:19:49","slug":"e-mail-aktion-gegen-verbot-von-bluetenversand-und-telemedizin","status":"publish","type":"page","link":"https:\/\/csc-nbg.de\/index.php\/e-mail-aktion-gegen-verbot-von-bluetenversand-und-telemedizin\/","title":{"rendered":"E-Mail Aktion gegen Verbot von Bl\u00fctenversand und Telemedizin"},"content":{"rendered":"\n<h2 class=\"wp-block-heading\">Get up, stand up \u2013 stand up for your rights! \u270a\ud83d\udcaa<\/h2>\n\n\n\n<p>Oder mach wenigstens zwei Klicks vom Sofa aus \u2026<\/p>\n\n\n\n<p>Bundesgesundheitsministerin Nina Warken (CDU) plant, den <strong>Versand von Bl\u00fcten<\/strong> sowie die <strong>Verschreibung \u00fcber Telemedizin<\/strong> zu <strong>verbieten<\/strong>. \ud83d\udeab<br>Dieses Vorhaben verst\u00f6\u00dft gegen EU-Recht \u2013 und gef\u00e4hrdet vor allem die medizinische Versorgung tausender Patient*innen!<\/p>\n\n\n\n<p>Wir d\u00fcrfen das nicht einfach hinnehmen!<br>Werdet laut und fordert die <strong>SPD <\/strong>auf, unsere Rechte zu verteidigen!<\/p>\n\n\n\n<p>\ud83d\udc49 Klick auf E-Mail-Adressen kopieren &#8211; die Adressen aller SPD Bundestagsmitglieder sind in deiner Zwischenablage gepspeichert<\/p>\n\n\n\n<style>.franziBtn {opacity:1 !important; background:rgb(31, 71, 40) !important;\n  color:white;padding:10px 16px;border:none;border-radius:4px;cursor:pointer;\n  line-height: 26px;  \n      text-decoration: none;\n      border: none;\n      box-shadow: none;\n    background:rgb(31 71 40);\n      padding: 8px 20px;\n      border-radius: 4px;\n      display: inline-block;\n      color:white !important;\n      box-shadow:none !important;\n      font-weight:normal !important;\n  } \n  .franziBtn:hover {background:rgba(31,71,40,.85) !important;}\n  <\/style>\n\n  \n<div id=\"spd-mails\" style=\"display:none;\">\nsanae.abdi@bundestag.de; adis.ahmetovic@bundestag.de; reem.alabali-radovan@bundestag.de; daniel.baldy@bundestag.de; soeren.bartol@bundestag.de; baerbel.bas@bundestag.de; jens.behrens@bundestag.de; daniel.bettermann@bundestag.de; jakob.blankenburg@bundestag.de; hendrik.bollmann@bundestag.de; isabel.cademartori@bundestag.de; lars.castellucci@bundestag.de; juergen.cosse@bundestag.de; hakan.demir@bundestag.de; jan.dieren@bundestag.de; esther.dilcher@bundestag.de; sabine.dittmar@bundestag.de; felix.doering@bundestag.de; falko.drossmann@bundestag.de; sonja.eichwede@bundestag.de; wiebke.esdar@bundestag.de; saskia.esken@bundestag.de; nancy.faeser@bundestag.de; johannes.fechner@bundestag.de; sebastian.fiedler@bundestag.de; martin.gerster@bundestag.de; angelika.gloeckner@bundestag.de; kerstin.griese@bundestag.de; bettina.hagedorn@bundestag.de; metin.hakverdi@bundestag.de; sebastian.hartmann@bundestag.de; hubertus.heil@bundestag.de; frauke.heiligenstadt@bundestag.de; gabriela.heinrich@bundestag.de; nadine.heselhaus@bundestag.de; heike.heubach@bundestag.de; jasmina.hostert@bundestag.de; verena.hubertz@bundestag.de; frank.junge@bundestag.de; oliver.kaczmarek@bundestag.de; elisabeth.kaiser@bundestag.de; macit.karaahmetoglu@bundestag.de; franziska.kersten@bundestag.de; helmut.kleebank@bundestag.de; lars.klingbeil@bundestag.de; annika.klose@bundestag.de; tim.kluessendorf@bundestag.de; baerbel.kofler@bundestag.de; anette.kramme@bundestag.de; dunja.kreiser@bundestag.de; martin.kroeber@bundestag.de; karl.lauterbach@bundestag.de; esra-leon.limbacher@bundestag.de; helge.lindh@bundestag.de; bettina.lugk@bundestag.de; tanja.machalet@bundestag.de; isabel.mackensen-geis@bundestag.de; holger.mann@bundestag.de; parsa.marvi@bundestag.de; katja.mast@bundestag.de; kathrin.michel@bundestag.de; matthias.miersch@bundestag.de; matthias.mieves@bundestag.de; claudia.moll@bundestag.de; siemtje.moeller@bundestag.de; rolf.muetzenich@bundestag.de; rasha.nasr@bundestag.de; josephine.ortleb@bundestag.de; mahmut.oezdemir@bundestag.de; aydan.oezoguz@bundestag.de; christos.pantazis@bundestag.de; natalie.pawlik@bundestag.de; jens.peick@bundestag.de; boris.pistorius@bundestag.de; sabine.poschmann@bundestag.de; martin.rabanus@bundestag.de; truels.reichardt@bundestag.de; daniel.rinkert@bundestag.de; dennis.rohde@bundestag.de; sebastian.roloff@bundestag.de; philipp.rottwilm@bundestag.de; thorsten.rudolph@bundestag.de; daniela.rump@bundestag.de; bernd.ruetzel@bundestag.de; johann.saathoff@bundestag.de; johannes.schaetzl@bundestag.de; nina.scheer@bundestag.de; christoph.schmid@bundestag.de; nils.schmid@bundestag.de; dagmar.schmidt@bundestag.de; uwe.schmidt@bundestag.de; carsten.schneider@bundestag.de; olaf.scholz@bundestag.de; johannes.schraps@bundestag.de; michael.schrodi@bundestag.de; svenja.schulze@bundestag.de; frank.schwabe@bundestag.de; stefan.schwartze@bundestag.de; andreas.schwarz@bundestag.de; rita.schwarzeluehr-sutter@bundestag.de; lina.seitzl@bundestag.de; svenja.stadler@bundestag.de; ralf.stegner@bundestag.de; ruppert.stuewe@bundestag.de; michael.thews@bundestag.de; markus.toens@bundestag.de; carsten.traeger@bundestag.de; anja.troff-schaffarzyk@bundestag.de; derya.tuerk-nachbaur@bundestag.de; ingo.vogel@bundestag.de; marja.voellers@bundestag.de; dirk.voepel@bundestag.de; carolin.wagner@bundestag.de; maja.wallstein@bundestag.de; daniel.walter@bundestag.de; carmen.wegge@bundestag.de; dirk.wiese@bundestag.de; serdar.yueksel@bundestag.de; stefan.zierke@bundestag.de; armand.zorn@bundestag.de\n<\/div>\n\n<div id=\"spd-mails-mac\" style=\"display:none;\">\nsanae.abdi@bundestag.de, adis.ahmetovic@bundestag.de, reem.alabali-radovan@bundestag.de, daniel.baldy@bundestag.de, soeren.bartol@bundestag.de, baerbel.bas@bundestag.de, jens.behrens@bundestag.de, daniel.bettermann@bundestag.de, jakob.blankenburg@bundestag.de, hendrik.bollmann@bundestag.de, isabel.cademartori@bundestag.de, lars.castellucci@bundestag.de, juergen.cosse@bundestag.de, hakan.demir@bundestag.de, jan.dieren@bundestag.de, esther.dilcher@bundestag.de, sabine.dittmar@bundestag.de, felix.doering@bundestag.de, falko.drossmann@bundestag.de, sonja.eichwede@bundestag.de, wiebke.esdar@bundestag.de, saskia.esken@bundestag.de, nancy.faeser@bundestag.de, johannes.fechner@bundestag.de, sebastian.fiedler@bundestag.de, martin.gerster@bundestag.de, angelika.gloeckner@bundestag.de, kerstin.griese@bundestag.de, bettina.hagedorn@bundestag.de, metin.hakverdi@bundestag.de, sebastian.hartmann@bundestag.de, hubertus.heil@bundestag.de, frauke.heiligenstadt@bundestag.de, gabriela.heinrich@bundestag.de, nadine.heselhaus@bundestag.de, heike.heubach@bundestag.de, jasmina.hostert@bundestag.de, verena.hubertz@bundestag.de, frank.junge@bundestag.de, oliver.kaczmarek@bundestag.de, elisabeth.kaiser@bundestag.de, macit.karaahmetoglu@bundestag.de, franziska.kersten@bundestag.de, helmut.kleebank@bundestag.de, lars.klingbeil@bundestag.de, annika.klose@bundestag.de, tim.kluessendorf@bundestag.de, baerbel.kofler@bundestag.de, anette.kramme@bundestag.de, dunja.kreiser@bundestag.de, martin.kroeber@bundestag.de, karl.lauterbach@bundestag.de, esra-leon.limbacher@bundestag.de, helge.lindh@bundestag.de, bettina.lugk@bundestag.de, tanja.machalet@bundestag.de, isabel.mackensen-geis@bundestag.de, holger.mann@bundestag.de, parsa.marvi@bundestag.de, katja.mast@bundestag.de, kathrin.michel@bundestag.de, matthias.miersch@bundestag.de, matthias.mieves@bundestag.de, claudia.moll@bundestag.de, siemtje.moeller@bundestag.de, rolf.muetzenich@bundestag.de, rasha.nasr@bundestag.de, josephine.ortleb@bundestag.de, mahmut.oezdemir@bundestag.de, aydan.oezoguz@bundestag.de, christos.pantazis@bundestag.de, natalie.pawlik@bundestag.de, jens.peick@bundestag.de, boris.pistorius@bundestag.de, sabine.poschmann@bundestag.de, martin.rabanus@bundestag.de, truels.reichardt@bundestag.de, daniel.rinkert@bundestag.de, dennis.rohde@bundestag.de, sebastian.roloff@bundestag.de, philipp.rottwilm@bundestag.de, thorsten.rudolph@bundestag.de, daniela.rump@bundestag.de, bernd.ruetzel@bundestag.de, johann.saathoff@bundestag.de, johannes.schaetzl@bundestag.de, nina.scheer@bundestag.de, christoph.schmid@bundestag.de, nils.schmid@bundestag.de, dagmar.schmidt@bundestag.de, uwe.schmidt@bundestag.de, carsten.schneider@bundestag.de, olaf.scholz@bundestag.de, johannes.schraps@bundestag.de, michael.schrodi@bundestag.de, svenja.schulze@bundestag.de, frank.schwabe@bundestag.de, stefan.schwartze@bundestag.de, andreas.schwarz@bundestag.de, rita.schwarzeluehr-sutter@bundestag.de, lina.seitzl@bundestag.de, svenja.stadler@bundestag.de, ralf.stegner@bundestag.de, ruppert.stuewe@bundestag.de, michael.thews@bundestag.de, markus.toens@bundestag.de, carsten.traeger@bundestag.de, anja.troff-schaffarzyk@bundestag.de, derya.tuerk-nachbaur@bundestag.de, ingo.vogel@bundestag.de, marja.voellers@bundestag.de, dirk.voepel@bundestag.de, carolin.wagner@bundestag.de, maja.wallstein@bundestag.de, daniel.walter@bundestag.de, carmen.wegge@bundestag.de, dirk.wiese@bundestag.de, serdar.yueksel@bundestag.de, stefan.zierke@bundestag.de, armand.zorn@bundestag.de\n<\/div>\n\n  <div style=\"display:flex; align-items: anchor-center;\">\n    <div style=\"display:inline-block; font-weight: bold;margin-right: 20px; font-size:25px;\">1.<\/div>\n  \n     <button id=\"copyEmail\" class=\"franziBtn\">\n      \ud83d\udccb E-Mail-Adressen kopieren\n      <\/button>\n      <span id=\"copyMsg\" style=\"margin-left:10px;color:#28a745;opacity:0;transition:opacity 0.3s;\">\u2714\ufe0f Kopiert!<\/span>     \n    <\/div>\n\n\n\n      <div style=\"display:flex; align-items: anchor-center;\">\n    <div style=\"display:inline-block; font-weight: bold;margin-right: 20px; opacity: 0; font-size:25px;\">1.<\/div>  \n    <p style=\"margin:12px 0;\">Du hast einen <b>Mac oder iPhone<\/b>? Nutze diesen Button um die E-Mail-Liste zu kopieren:<\/p>    \n    <\/div>\n\n         <div style=\"display:flex; align-items: anchor-center;\">\n    <div style=\"display:inline-block; font-weight: bold;margin-right: 20px; opacity: 0; font-size:25px;\">1.<\/div> \n  \n     <button id=\"copyEmailMac\" class=\"franziBtn\">\n      \ud83d\udccb E-Mail-Adressen kopieren (f\u00fcr Mac \/ iOS)\n      <\/button>\n      <span id=\"copyMsgMac\" style=\"margin-left:10px;color:#28a745;opacity:0;transition:opacity 0.3s;\">\u2714\ufe0f Kopiert!<\/span>     \n    <\/div>\n\n    \n\n    <p style=\"margin-top: 30px\">\n        \ud83d\udc49 Klick auf \u201eE-Mail \u00f6ffnen\u201c: Dein E-Mail-Programm \u00f6ffnet sich automatisch \u2013 mit Betreff und Text schon fertig eingetragen. F\u00fcge jetzt die E-Mail-Adressen in das Empf\u00e4nger-Feld ein.\n    <\/p>\n\n<div style=\"display:flex; align-items: anchor-center;\">\n  <div style=\"display:inline-block; font-weight: bold;margin-right: 20px; font-size:25px;\">2.<\/div>\n  <a class=\"franziBtn\"\n    href=\"mailto:?subject=Stimmen%20Sie%20gegen%20das%20geplante%20Verbot%20%E2%80%93%20verteidigen%20Sie%20die%20Rechte%20der%20Patient*innen!&#038;body=Sehr%20geehrte%20Mitglieder%20der%20SPD-Bundestagsfraktion,%0D%0A%0D%0Aich%20wende%20mich%20heute%20mit%20Nachdruck%20an%20Sie.%0D%0ABundesgesundheitsministerin%20Nina%20Warken%20(CDU)%20plant%20ein%20Verbot%20des%20Versands%20von%20Cannabisbl%C3%BCten%20sowie%20der%20Verschreibung%20%C3%BCber%20Telemedizin.%0D%0A%0D%0ADieses%20Vorhaben%20ist%20ein%20klarer%20R%C3%BCckschritt%20%E2%80%93%20rechtlich%20fragw%C3%BCrdig,%20sozial%20ungerecht%20und%20medizinisch%20unverantwortlich.%20Es%20w%C3%BCrde%20die%20Versorgung%20tausender%20Patient*innen%20gef%C3%A4hrden,%20die%20auf%20Telemedizin%20und%20den%20Versandweg%20angewiesen%20sind.%20Besonders%20chronisch%20Kranke,%20immobile%20Menschen%20oder%20Patient*innen%20in%20l%C3%A4ndlichen%20Regionen%20w%C3%A4ren%20massiv%20betroffen.%0D%0A%0D%0AIch%20fordere%20Sie%20auf:%0D%0AVerteidigen%20Sie%20die%20Rechte%20der%20Patient*innen%20und%20stimmen%20Sie%20diesen%20%C3%84nderungen%20nicht%20zu.%0D%0ASetzen%20Sie%20sich%20innerhalb%20der%20Koalition%20aktiv%20daf%C3%BCr%20ein,%20dass%20die%20medizinische%20Versorgung%20modern,%20gerecht%20und%20rechtssicher%20bleibt.%0D%0A%0D%0ADie%20SPD%20steht%20f%C3%BCr%20soziale%20Verantwortung%20und%20den%20Schutz%20der%20Schw%C3%A4cheren%20%E2%80%93%20bitte%20zeigen%20Sie%20das%20jetzt%20auch%20in%20dieser%20Frage.%0D%0A%0D%0AMit%20entschlossenen%20Gr%C3%BC%C3%9Fen\" \n   >\n  \u2709\ufe0f E-Mail \u00f6ffnen\n  <\/a>\n<\/div>\n<\/div>\n<script>\n    document.getElementById(\"copyEmail\").addEventListener(\"click\", function() {\n        navigator.clipboard.writeText(document.getElementById('spd-mails').innerText)\n        .then(() => {\n          const msg = document.getElementById('copyMsg');\n          msg.style.opacity = '1';\n          setTimeout(() => { msg.style.opacity = '0'; }, 2000);\n        });\n    });\n        document.getElementById(\"copyEmailMac\").addEventListener(\"click\", function() {\n        navigator.clipboard.writeText(document.getElementById('spd-mails-mac').innerText)\n        .then(() => {\n          const msg = document.getElementById('copyMsgMac');\n          msg.style.opacity = '1';\n          setTimeout(() => { msg.style.opacity = '0'; }, 2000);\n        });\n    });\n\n    <\/script>\n\n\n\n<p><\/p>\n\n\n\n<p>Du musst nur am Ende des Textes unter &#8222;Mit entschlossenen Gr\u00fc\u00dfen&#8220; <strong>deinen Namen einsetzen<\/strong> und wech damit. Fertig! \ud83d\ude80<\/p>\n\n\n\n<p>Wenn das nicht klappt, kannst du den Text unten einfach selbst kopieren und versenden:<\/p>\n\n\n\n<p>&#8212;&#8212;&#8212;&#8212;&#8212;&#8212;&#8212;&#8212;&#8212;&#8212;&#8212;&#8212;&#8212;&#8212;&#8212;&#8212;&#8212;&#8212;&#8212;&#8212;&#8212;&#8212;&#8212;&#8212;&#8212;&#8212;&#8212;&#8212;&#8212;&#8212;&#8212;&#8212;&#8212;&#8212;&#8212;-<\/p>\n\n\n\n<p><strong>Stimmen Sie gegen das geplante Verbot \u2013 verteidigen Sie die Rechte der Patient*innen!<\/strong><\/p>\n\n\n\n<p>Sehr geehrte Mitglieder der SPD-Bundestagsfraktion,<\/p>\n\n\n\n<p>ich wende mich heute mit Nachdruck an Sie.<br>Bundesgesundheitsministerin Nina Warken (CDU) plant ein Verbot des Versands von Cannabisbl\u00fcten sowie der Verschreibung \u00fcber Telemedizin.<\/p>\n\n\n\n<p>Dieses Vorhaben ist ein klarer R\u00fcckschritt \u2013 rechtlich fragw\u00fcrdig, sozial ungerecht und medizinisch unverantwortlich. Es w\u00fcrde die Versorgung tausender Patient<em>innen gef\u00e4hrden, die auf Telemedizin und den Versandweg angewiesen sind. Besonders chronisch Kranke, immobile Menschen oder Patient<\/em>innen in l\u00e4ndlichen Regionen w\u00e4ren massiv betroffen.<\/p>\n\n\n\n<p>Ich fordere Sie auf:<br>Verteidigen Sie die Rechte der Patient*innen und stimmen Sie diesen \u00c4nderungen nicht zu.<br>Setzen Sie sich innerhalb der Koalition aktiv daf\u00fcr ein, dass die medizinische Versorgung modern, gerecht und rechtssicher bleibt.<\/p>\n\n\n\n<p>Die SPD steht f\u00fcr soziale Verantwortung und den Schutz der Schw\u00e4cheren \u2013 bitte zeigen Sie das jetzt auch in dieser Frage.<\/p>\n\n\n\n<p>Mit entschlossenen Gr\u00fc\u00dfen<\/p>\n","protected":false},"excerpt":{"rendered":"<p>Get up, stand up \u2013 stand up for your rights! \u270a\ud83d\udcaa Oder mach wenigstens zwei Klicks vom Sofa aus \u2026 Bundesgesundheitsministerin Nina Warken (CDU) plant, den Versand von Bl\u00fcten sowie die Verschreibung \u00fcber Telemedizin zu verbieten. \ud83d\udeabDieses Vorhaben verst\u00f6\u00dft gegen EU-Recht \u2013 und gef\u00e4hrdet vor allem die medizinische Versorgung tausender Patient*innen! Wir d\u00fcrfen das nicht &hellip; <\/p>\n<p class=\"link-more\"><a href=\"https:\/\/csc-nbg.de\/index.php\/e-mail-aktion-gegen-verbot-von-bluetenversand-und-telemedizin\/\" class=\"more-link\"><span class=\"screen-reader-text\">\u201eE-Mail Aktion gegen Verbot von Bl\u00fctenversand und Telemedizin\u201c <\/span>weiterlesen<\/a><\/p>\n","protected":false},"author":7,"featured_media":0,"parent":0,"menu_order":0,"comment_status":"closed","ping_status":"closed","template":"","meta":{"footnotes":""},"class_list":["post-1055","page","type-page","status-publish","hentry"],"_links":{"self":[{"href":"https:\/\/csc-nbg.de\/index.php\/wp-json\/wp\/v2\/pages\/1055","targetHints":{"allow":["GET"]}}],"collection":[{"href":"https:\/\/csc-nbg.de\/index.php\/wp-json\/wp\/v2\/pages"}],"about":[{"href":"https:\/\/csc-nbg.de\/index.php\/wp-json\/wp\/v2\/types\/page"}],"author":[{"embeddable":true,"href":"https:\/\/csc-nbg.de\/index.php\/wp-json\/wp\/v2\/users\/7"}],"replies":[{"embeddable":true,"href":"https:\/\/csc-nbg.de\/index.php\/wp-json\/wp\/v2\/comments?post=1055"}],"version-history":[{"count":41,"href":"https:\/\/csc-nbg.de\/index.php\/wp-json\/wp\/v2\/pages\/1055\/revisions"}],"predecessor-version":[{"id":1119,"href":"https:\/\/csc-nbg.de\/index.php\/wp-json\/wp\/v2\/pages\/1055\/revisions\/1119"}],"wp:attachment":[{"href":"https:\/\/csc-nbg.de\/index.php\/wp-json\/wp\/v2\/media?parent=1055"}],"curies":[{"name":"wp","href":"https:\/\/api.w.org\/{rel}","templated":true}]}}